{"id":2232,"date":"2022-01-31T11:21:30","date_gmt":"2022-01-31T10:21:30","guid":{"rendered":"https:\/\/www.stamos-welding.com\/kontakt\/"},"modified":"2026-04-30T12:51:47","modified_gmt":"2026-04-30T10:51:47","slug":"contact","status":"publish","type":"page","link":"https:\/\/www.stamos-welding.com\/en\/contact\/","title":{"rendered":"Contact"},"content":{"rendered":"","protected":false},"excerpt":{"rendered":"","protected":false},"author":1,"featured_media":0,"parent":0,"menu_order":0,"comment_status":"closed","ping_status":"closed","template":"page-templates\/page-contact.php","meta":{"footnotes":""},"class_list":["post-2232","page","type-page","status-publish","hentry"],"acf":[],"yoast_head":"<!-- This site is optimized with the Yoast SEO plugin v27.5 - https:\/\/yoast.com\/product\/yoast-seo-wordpress\/ -->\n<title>Contact - Stamos Welding<\/title>\n<meta name=\"robots\" content=\"index, follow, max-snippet:-1, max-image-preview:large, max-video-preview:-1\" \/>\n<link rel=\"canonical\" href=\"https:\/\/www.stamos-welding.com\/en\/contact\/\" \/>\n<meta property=\"og:locale\" content=\"en_US\" \/>\n<meta property=\"og:type\" content=\"article\" \/>\n<meta property=\"og:title\" content=\"Contact - Stamos Welding\" \/>\n<meta property=\"og:url\" content=\"https:\/\/www.stamos-welding.com\/en\/contact\/\" \/>\n<meta property=\"og:site_name\" content=\"Stamos Welding\" \/>\n<meta property=\"article:modified_time\" content=\"2026-04-30T10:51:47+00:00\" \/>\n<meta name=\"twitter:card\" content=\"summary_large_image\" \/>\n<script type=\"application\/ld+json\" class=\"yoast-schema-graph\">{\"@context\":\"https:\\\/\\\/schema.org\",\"@graph\":[{\"@type\":\"WebPage\",\"@id\":\"https:\\\/\\\/www.stamos-welding.com\\\/en\\\/contact\\\/\",\"url\":\"https:\\\/\\\/www.stamos-welding.com\\\/en\\\/contact\\\/\",\"name\":\"Contact - Stamos Welding\",\"isPartOf\":{\"@id\":\"https:\\\/\\\/www.stamos-welding.com\\\/#website\"},\"datePublished\":\"2022-01-31T10:21:30+00:00\",\"dateModified\":\"2026-04-30T10:51:47+00:00\",\"breadcrumb\":{\"@id\":\"https:\\\/\\\/www.stamos-welding.com\\\/en\\\/contact\\\/#breadcrumb\"},\"inLanguage\":\"en-US\",\"potentialAction\":[{\"@type\":\"ReadAction\",\"target\":[\"https:\\\/\\\/www.stamos-welding.com\\\/en\\\/contact\\\/\"]}]},{\"@type\":\"BreadcrumbList\",\"@id\":\"https:\\\/\\\/www.stamos-welding.com\\\/en\\\/contact\\\/#breadcrumb\",\"itemListElement\":[{\"@type\":\"ListItem\",\"position\":1,\"name\":\"Home\",\"item\":\"https:\\\/\\\/www.stamos-welding.com\\\/en\\\/\"},{\"@type\":\"ListItem\",\"position\":2,\"name\":\"Contact\"}]},{\"@type\":\"WebSite\",\"@id\":\"https:\\\/\\\/www.stamos-welding.com\\\/#website\",\"url\":\"https:\\\/\\\/www.stamos-welding.com\\\/\",\"name\":\"Stamos Welding\",\"description\":\"Kolejna witryna oparta na WordPressie\",\"potentialAction\":[{\"@type\":\"SearchAction\",\"target\":{\"@type\":\"EntryPoint\",\"urlTemplate\":\"https:\\\/\\\/www.stamos-welding.com\\\/?s={search_term_string}\"},\"query-input\":{\"@type\":\"PropertyValueSpecification\",\"valueRequired\":true,\"valueName\":\"search_term_string\"}}],\"inLanguage\":\"en-US\"}]}<\/script>\n<!-- \/ Yoast SEO plugin. -->","yoast_head_json":{"title":"Contact - Stamos Welding","robots":{"index":"index","follow":"follow","max-snippet":"max-snippet:-1","max-image-preview":"max-image-preview:large","max-video-preview":"max-video-preview:-1"},"canonical":"https:\/\/www.stamos-welding.com\/en\/contact\/","og_locale":"en_US","og_type":"article","og_title":"Contact - Stamos Welding","og_url":"https:\/\/www.stamos-welding.com\/en\/contact\/","og_site_name":"Stamos Welding","article_modified_time":"2026-04-30T10:51:47+00:00","twitter_card":"summary_large_image","schema":{"@context":"https:\/\/schema.org","@graph":[{"@type":"WebPage","@id":"https:\/\/www.stamos-welding.com\/en\/contact\/","url":"https:\/\/www.stamos-welding.com\/en\/contact\/","name":"Contact - Stamos Welding","isPartOf":{"@id":"https:\/\/www.stamos-welding.com\/#website"},"datePublished":"2022-01-31T10:21:30+00:00","dateModified":"2026-04-30T10:51:47+00:00","breadcrumb":{"@id":"https:\/\/www.stamos-welding.com\/en\/contact\/#breadcrumb"},"inLanguage":"en-US","potentialAction":[{"@type":"ReadAction","target":["https:\/\/www.stamos-welding.com\/en\/contact\/"]}]},{"@type":"BreadcrumbList","@id":"https:\/\/www.stamos-welding.com\/en\/contact\/#breadcrumb","itemListElement":[{"@type":"ListItem","position":1,"name":"Home","item":"https:\/\/www.stamos-welding.com\/en\/"},{"@type":"ListItem","position":2,"name":"Contact"}]},{"@type":"WebSite","@id":"https:\/\/www.stamos-welding.com\/#website","url":"https:\/\/www.stamos-welding.com\/","name":"Stamos Welding","description":"Kolejna witryna oparta na WordPressie","potentialAction":[{"@type":"SearchAction","target":{"@type":"EntryPoint","urlTemplate":"https:\/\/www.stamos-welding.com\/?s={search_term_string}"},"query-input":{"@type":"PropertyValueSpecification","valueRequired":true,"valueName":"search_term_string"}}],"inLanguage":"en-US"}]}},"acf_fields":{"logo_color":"light","contact_hero_header":{"ID":1673,"id":1673,"title":"bg_contact","filename":"bg_contact.jpg","filesize":80302,"url":"https:\/\/www.stamos-welding.com\/wp-content\/uploads\/2022\/02\/bg_contact.jpg","link":"https:\/\/www.stamos-welding.com\/en\/kontakt\/bg_contact\/","alt":"","author":"1","description":"","caption":"","name":"bg_contact","status":"inherit","uploaded_to":1277,"date":"2022-02-13 14:17:00","modified":"2022-02-13 14:17:00","menu_order":0,"mime_type":"image\/jpeg","type":"image","subtype":"jpeg","icon":"https:\/\/www.stamos-welding.com\/wp-includes\/images\/media\/default.png","width":1200,"height":800,"sizes":{"thumbnail":"https:\/\/www.stamos-welding.com\/wp-content\/uploads\/2022\/02\/bg_contact-150x150.jpg","thumbnail-width":150,"thumbnail-height":150,"medium":"https:\/\/www.stamos-welding.com\/wp-content\/uploads\/2022\/02\/bg_contact-250x167.jpg","medium-width":250,"medium-height":167,"medium_large":"https:\/\/www.stamos-welding.com\/wp-content\/uploads\/2022\/02\/bg_contact-768x512.jpg","medium_large-width":768,"medium_large-height":512,"large":"https:\/\/www.stamos-welding.com\/wp-content\/uploads\/2022\/02\/bg_contact-700x467.jpg","large-width":700,"large-height":467,"1536x1536":"https:\/\/www.stamos-welding.com\/wp-content\/uploads\/2022\/02\/bg_contact.jpg","1536x1536-width":1200,"1536x1536-height":800,"2048x2048":"https:\/\/www.stamos-welding.com\/wp-content\/uploads\/2022\/02\/bg_contact.jpg","2048x2048-width":1200,"2048x2048-height":800,"small":"https:\/\/www.stamos-welding.com\/wp-content\/uploads\/2022\/02\/bg_contact-120x80.jpg","small-width":120,"small-height":80,"large-medium":"https:\/\/www.stamos-welding.com\/wp-content\/uploads\/2022\/02\/bg_contact-384x214.jpg","large-medium-width":384,"large-medium-height":214,"category-tiles":"https:\/\/www.stamos-welding.com\/wp-content\/uploads\/2022\/02\/bg_contact-380x253.jpg","category-tiles-width":380,"category-tiles-height":253,"full-slider":"https:\/\/www.stamos-welding.com\/wp-content\/uploads\/2022\/02\/bg_contact-700x200.jpg","full-slider-width":700,"full-slider-height":200,"slider-tiles":"https:\/\/www.stamos-welding.com\/wp-content\/uploads\/2022\/02\/bg_contact-700x200.jpg","slider-tiles-width":700,"slider-tiles-height":200,"brands-tiles":"https:\/\/www.stamos-welding.com\/wp-content\/uploads\/2022\/02\/bg_contact-640x393.jpg","brands-tiles-width":640,"brands-tiles-height":393,"menu-image":"https:\/\/www.stamos-welding.com\/wp-content\/uploads\/2022\/02\/bg_contact-450x270.jpg","menu-image-width":450,"menu-image-height":270,"grid-small":"https:\/\/www.stamos-welding.com\/wp-content\/uploads\/2022\/02\/bg_contact-854x531.jpg","grid-small-width":854,"grid-small-height":531,"custom-size":"https:\/\/www.stamos-welding.com\/wp-content\/uploads\/2022\/02\/bg_contact-700x200.jpg","custom-size-width":700,"custom-size-height":200,"managers-img":"https:\/\/www.stamos-welding.com\/wp-content\/uploads\/2022\/02\/bg_contact-384x220.jpg","managers-img-width":384,"managers-img-height":220}},"contact_hero_header_title":"QUESTIONS?<br \/>\r\nFEEDBACK?","contact_hero_header_subtitle":"Our team looks forward to your feedback.","contact_info_block_title":"CONTACT US","contact_info_block_adress":"STAMOS Head Office<br \/>\r\n<br \/>\r\nexpondo GmbH<br \/>\r\nDessauer Str. 28-29<br \/>\r\n10963 Berlin<br \/>\r\nGermany","contact_info_block_tel":"","contact_info_block_email":"","contact_info_block_socials_repeater":[{"contact_info_block_socials_icon":"<i class=\"fab fa-instagram\" aria-hidden=\"true\"><\/i>","contact_info_block_socials_link":""},{"contact_info_block_socials_icon":"<i class=\"fab fa-youtube\" aria-hidden=\"true\"><\/i>","contact_info_block_socials_link":""},{"contact_info_block_socials_icon":"<i class=\"fab fa-facebook\" aria-hidden=\"true\"><\/i>","contact_info_block_socials_link":""}],"contact_main_title":"Use the contact form to get in touch with our team.","contact_main_subtitle":"We will get back to you within 24 hours.","contact_form_code":{"ID":2373,"post_author":"6","post_date":"2022-10-11 09:55:12","post_date_gmt":"2022-10-11 07:55:12","post_content":"<div class=\"row\">\r\n                    <div class=\"col-md-12\">\r\n                        <div class=\"input-wrapper input-wrapper--text\">\r\n                            <label for=\"\" class=\"input-wrapper__label\">First name and last name<\/label>\r\n                            <div class=\"input-wrapper__input\">[text* your-name placeholder \"First name and last name *\"]<\/div>\r\n                        <\/div>\r\n                    <\/div>\r\n                    <div class=\"col-md-12\">\r\n                        <div class=\"input-wrapper input-wrapper--text\">\r\n                            <label for=\"\" class=\"input-wrapper__label\">E-mail<\/label>\r\n                            <div class=\"input-wrapper__input\">[email* your-email placeholder \"E-mail *\"]<\/div>\r\n                        <\/div>\r\n                    <\/div>\r\n                    <div class=\"col-md-12\">\r\n                        <div class=\"input-wrapper input-wrapper--text\">\r\n                            <label for=\"\" class=\"input-wrapper__label\">Phone<\/label>\r\n                            <div class=\"input-wrapper__input\">[text your-number placeholder \"Phone (optional)\"]<\/div>\r\n                        <\/div>\r\n                    <\/div>\r\n                    <div class=\"col-md-12\">\r\n                        <div class=\"input-wrapper input-wrapper--textarea\">\r\n                            <label for=\"\" class=\"input-wrapper__label\">Your message<\/label>\r\n                            <div class=\"input-wrapper__input\">[textarea your-message placeholder \"Your message\"]<\/div>\r\n                        <\/div>\r\n                    <\/div>\r\n                <\/div>\r\n                <div class=\"row\">\r\n                    <div class=\"col-md-12 text-right\">\r\n                        <div class=\"form-button form-button--submit\">[submit \"Send message\"]<\/div>\r\n                    <\/div>\r\n                <\/div>\n1\nStamos Welding - \"[your-subject]\"\nStamos Welding <support@stamos-welding.com>\nsupport@stamos-welding.pl\nNadawca: [your-name] <[your-email]>\r\nTemat: [your-subject]\r\n\r\nTre\u015b\u0107 wiadomo\u015bci:\r\n[your-message]\r\n\r\n-- \r\ntel: [your-number]\nReply-To: [your-email]\n\n\n\n\nStamos Welding \"[your-subject]\"\nStamos Welding <wordpress@stamos-welding.com>\n[your-email]\nMessage Body:\r\n[your-message]\r\n\r\n-- \r\nThis e-mail was sent from a contact form on Stamos Welding (https:\/\/www.stamos-welding.com)\nReply-To: b.dawydzik@expondo.pl\n\n\n\nThank you for your message. It has been sent.\nAn error occurred while trying to send your message. Please try again later.\nOne or more fields have an error. Please check and try again.\nThere was an error trying to send your message. Please try again later.\nYou must accept the terms and conditions before sending your message.\nThe field is required.\nThe field is too long.\nThe field is too short.\nThe date format is incorrect.\nThe date is before the earliest one allowed.\nThe date is after the latest one allowed.\nThere was an unknown error uploading the file.\nYou are not allowed to upload files of this type.\nThe file is too big.\nThere was an error uploading the file.\nThe number format is invalid.\nThe number is smaller than the minimum allowed.\nThe number is larger than the maximum allowed.\nThe answer to the quiz is incorrect.\nThe e-mail address entered is invalid.\nThe URL is invalid.\nThe telephone number is invalid.","post_title":"Contact EN","post_excerpt":"","post_status":"publish","comment_status":"closed","ping_status":"closed","post_password":"","post_name":"contact-en","to_ping":"","pinged":"","post_modified":"2022-10-11 09:55:56","post_modified_gmt":"2022-10-11 07:55:56","post_content_filtered":"","post_parent":0,"guid":"https:\/\/www.stamos-welding.com\/?post_type=wpcf7_contact_form&#038;p=2373","menu_order":0,"post_type":"wpcf7_contact_form","post_mime_type":"","comment_count":"0","filter":"raw"},"contact_map_pos_lat":"52.510011","contact_map_pos_lng":"13.423320","newsletter_module_boolean":false,"meta_title":"","meta_desc":"","meta_canonical_url":"","meta_robots":false},"_links":{"self":[{"href":"https:\/\/www.stamos-welding.com\/en\/wp-json\/wp\/v2\/pages\/2232","targetHints":{"allow":["GET"]}}],"collection":[{"href":"https:\/\/www.stamos-welding.com\/en\/wp-json\/wp\/v2\/pages"}],"about":[{"href":"https:\/\/www.stamos-welding.com\/en\/wp-json\/wp\/v2\/types\/page"}],"author":[{"embeddable":true,"href":"https:\/\/www.stamos-welding.com\/en\/wp-json\/wp\/v2\/users\/1"}],"replies":[{"embeddable":true,"href":"https:\/\/www.stamos-welding.com\/en\/wp-json\/wp\/v2\/comments?post=2232"}],"version-history":[{"count":8,"href":"https:\/\/www.stamos-welding.com\/en\/wp-json\/wp\/v2\/pages\/2232\/revisions"}],"predecessor-version":[{"id":2477,"href":"https:\/\/www.stamos-welding.com\/en\/wp-json\/wp\/v2\/pages\/2232\/revisions\/2477"}],"wp:attachment":[{"href":"https:\/\/www.stamos-welding.com\/en\/wp-json\/wp\/v2\/media?parent=2232"}],"curies":[{"name":"wp","href":"https:\/\/api.w.org\/{rel}","templated":true}]}}