{"id":2267,"date":"2022-01-31T11:21:30","date_gmt":"2022-01-31T10:21:30","guid":{"rendered":"https:\/\/www.stamos-welding.com\/contact\/"},"modified":"2026-04-30T12:53:37","modified_gmt":"2026-04-30T10:53:37","slug":"kontakt","status":"publish","type":"page","link":"https:\/\/www.stamos-welding.com\/pl\/kontakt\/","title":{"rendered":"Kontakt"},"content":{"rendered":"","protected":false},"excerpt":{"rendered":"","protected":false},"author":1,"featured_media":0,"parent":0,"menu_order":0,"comment_status":"closed","ping_status":"closed","template":"page-templates\/page-contact.php","meta":{"footnotes":""},"class_list":["post-2267","page","type-page","status-publish","hentry"],"acf":[],"yoast_head":"<!-- This site is optimized with the Yoast SEO plugin v27.5 - https:\/\/yoast.com\/product\/yoast-seo-wordpress\/ -->\n<title>Kontakt - Stamos Welding<\/title>\n<meta name=\"robots\" content=\"index, follow, max-snippet:-1, max-image-preview:large, max-video-preview:-1\" \/>\n<link rel=\"canonical\" href=\"https:\/\/www.stamos-welding.com\/pl\/kontakt\/\" \/>\n<meta property=\"og:locale\" content=\"pl_PL\" \/>\n<meta property=\"og:type\" content=\"article\" \/>\n<meta property=\"og:title\" content=\"Kontakt - Stamos Welding\" \/>\n<meta property=\"og:url\" content=\"https:\/\/www.stamos-welding.com\/pl\/kontakt\/\" \/>\n<meta property=\"og:site_name\" content=\"Stamos Welding\" \/>\n<meta property=\"article:modified_time\" content=\"2026-04-30T10:53:37+00:00\" \/>\n<meta name=\"twitter:card\" content=\"summary_large_image\" \/>\n<script type=\"application\/ld+json\" class=\"yoast-schema-graph\">{\"@context\":\"https:\\\/\\\/schema.org\",\"@graph\":[{\"@type\":\"WebPage\",\"@id\":\"https:\\\/\\\/www.stamos-welding.com\\\/pl\\\/kontakt\\\/\",\"url\":\"https:\\\/\\\/www.stamos-welding.com\\\/pl\\\/kontakt\\\/\",\"name\":\"Kontakt - Stamos Welding\",\"isPartOf\":{\"@id\":\"https:\\\/\\\/www.stamos-welding.com\\\/#website\"},\"datePublished\":\"2022-01-31T10:21:30+00:00\",\"dateModified\":\"2026-04-30T10:53:37+00:00\",\"breadcrumb\":{\"@id\":\"https:\\\/\\\/www.stamos-welding.com\\\/pl\\\/kontakt\\\/#breadcrumb\"},\"inLanguage\":\"pl-PL\",\"potentialAction\":[{\"@type\":\"ReadAction\",\"target\":[\"https:\\\/\\\/www.stamos-welding.com\\\/pl\\\/kontakt\\\/\"]}]},{\"@type\":\"BreadcrumbList\",\"@id\":\"https:\\\/\\\/www.stamos-welding.com\\\/pl\\\/kontakt\\\/#breadcrumb\",\"itemListElement\":[{\"@type\":\"ListItem\",\"position\":1,\"name\":\"Home\",\"item\":\"https:\\\/\\\/www.stamos-welding.com\\\/pl\\\/\"},{\"@type\":\"ListItem\",\"position\":2,\"name\":\"Kontakt\"}]},{\"@type\":\"WebSite\",\"@id\":\"https:\\\/\\\/www.stamos-welding.com\\\/#website\",\"url\":\"https:\\\/\\\/www.stamos-welding.com\\\/\",\"name\":\"Stamos Welding\",\"description\":\"Kolejna witryna oparta na WordPressie\",\"potentialAction\":[{\"@type\":\"SearchAction\",\"target\":{\"@type\":\"EntryPoint\",\"urlTemplate\":\"https:\\\/\\\/www.stamos-welding.com\\\/?s={search_term_string}\"},\"query-input\":{\"@type\":\"PropertyValueSpecification\",\"valueRequired\":true,\"valueName\":\"search_term_string\"}}],\"inLanguage\":\"pl-PL\"}]}<\/script>\n<!-- \/ Yoast SEO plugin. -->","yoast_head_json":{"title":"Kontakt - Stamos Welding","robots":{"index":"index","follow":"follow","max-snippet":"max-snippet:-1","max-image-preview":"max-image-preview:large","max-video-preview":"max-video-preview:-1"},"canonical":"https:\/\/www.stamos-welding.com\/pl\/kontakt\/","og_locale":"pl_PL","og_type":"article","og_title":"Kontakt - Stamos Welding","og_url":"https:\/\/www.stamos-welding.com\/pl\/kontakt\/","og_site_name":"Stamos Welding","article_modified_time":"2026-04-30T10:53:37+00:00","twitter_card":"summary_large_image","schema":{"@context":"https:\/\/schema.org","@graph":[{"@type":"WebPage","@id":"https:\/\/www.stamos-welding.com\/pl\/kontakt\/","url":"https:\/\/www.stamos-welding.com\/pl\/kontakt\/","name":"Kontakt - Stamos Welding","isPartOf":{"@id":"https:\/\/www.stamos-welding.com\/#website"},"datePublished":"2022-01-31T10:21:30+00:00","dateModified":"2026-04-30T10:53:37+00:00","breadcrumb":{"@id":"https:\/\/www.stamos-welding.com\/pl\/kontakt\/#breadcrumb"},"inLanguage":"pl-PL","potentialAction":[{"@type":"ReadAction","target":["https:\/\/www.stamos-welding.com\/pl\/kontakt\/"]}]},{"@type":"BreadcrumbList","@id":"https:\/\/www.stamos-welding.com\/pl\/kontakt\/#breadcrumb","itemListElement":[{"@type":"ListItem","position":1,"name":"Home","item":"https:\/\/www.stamos-welding.com\/pl\/"},{"@type":"ListItem","position":2,"name":"Kontakt"}]},{"@type":"WebSite","@id":"https:\/\/www.stamos-welding.com\/#website","url":"https:\/\/www.stamos-welding.com\/","name":"Stamos Welding","description":"Kolejna witryna oparta na WordPressie","potentialAction":[{"@type":"SearchAction","target":{"@type":"EntryPoint","urlTemplate":"https:\/\/www.stamos-welding.com\/?s={search_term_string}"},"query-input":{"@type":"PropertyValueSpecification","valueRequired":true,"valueName":"search_term_string"}}],"inLanguage":"pl-PL"}]}},"acf_fields":{"logo_color":"light","contact_hero_header":{"ID":1673,"id":1673,"title":"bg_contact","filename":"bg_contact.jpg","filesize":80302,"url":"https:\/\/www.stamos-welding.com\/wp-content\/uploads\/2022\/02\/bg_contact.jpg","link":"https:\/\/www.stamos-welding.com\/pl\/kontakt\/bg_contact\/","alt":"","author":"1","description":"","caption":"","name":"bg_contact","status":"inherit","uploaded_to":1277,"date":"2022-02-13 14:17:00","modified":"2022-02-13 14:17:00","menu_order":0,"mime_type":"image\/jpeg","type":"image","subtype":"jpeg","icon":"https:\/\/www.stamos-welding.com\/wp-includes\/images\/media\/default.png","width":1200,"height":800,"sizes":{"thumbnail":"https:\/\/www.stamos-welding.com\/wp-content\/uploads\/2022\/02\/bg_contact-150x150.jpg","thumbnail-width":150,"thumbnail-height":150,"medium":"https:\/\/www.stamos-welding.com\/wp-content\/uploads\/2022\/02\/bg_contact-250x167.jpg","medium-width":250,"medium-height":167,"medium_large":"https:\/\/www.stamos-welding.com\/wp-content\/uploads\/2022\/02\/bg_contact-768x512.jpg","medium_large-width":768,"medium_large-height":512,"large":"https:\/\/www.stamos-welding.com\/wp-content\/uploads\/2022\/02\/bg_contact-700x467.jpg","large-width":700,"large-height":467,"1536x1536":"https:\/\/www.stamos-welding.com\/wp-content\/uploads\/2022\/02\/bg_contact.jpg","1536x1536-width":1200,"1536x1536-height":800,"2048x2048":"https:\/\/www.stamos-welding.com\/wp-content\/uploads\/2022\/02\/bg_contact.jpg","2048x2048-width":1200,"2048x2048-height":800,"small":"https:\/\/www.stamos-welding.com\/wp-content\/uploads\/2022\/02\/bg_contact-120x80.jpg","small-width":120,"small-height":80,"large-medium":"https:\/\/www.stamos-welding.com\/wp-content\/uploads\/2022\/02\/bg_contact-384x214.jpg","large-medium-width":384,"large-medium-height":214,"category-tiles":"https:\/\/www.stamos-welding.com\/wp-content\/uploads\/2022\/02\/bg_contact-380x253.jpg","category-tiles-width":380,"category-tiles-height":253,"full-slider":"https:\/\/www.stamos-welding.com\/wp-content\/uploads\/2022\/02\/bg_contact-700x200.jpg","full-slider-width":700,"full-slider-height":200,"slider-tiles":"https:\/\/www.stamos-welding.com\/wp-content\/uploads\/2022\/02\/bg_contact-700x200.jpg","slider-tiles-width":700,"slider-tiles-height":200,"brands-tiles":"https:\/\/www.stamos-welding.com\/wp-content\/uploads\/2022\/02\/bg_contact-640x393.jpg","brands-tiles-width":640,"brands-tiles-height":393,"menu-image":"https:\/\/www.stamos-welding.com\/wp-content\/uploads\/2022\/02\/bg_contact-450x270.jpg","menu-image-width":450,"menu-image-height":270,"grid-small":"https:\/\/www.stamos-welding.com\/wp-content\/uploads\/2022\/02\/bg_contact-854x531.jpg","grid-small-width":854,"grid-small-height":531,"custom-size":"https:\/\/www.stamos-welding.com\/wp-content\/uploads\/2022\/02\/bg_contact-700x200.jpg","custom-size-width":700,"custom-size-height":200,"managers-img":"https:\/\/www.stamos-welding.com\/wp-content\/uploads\/2022\/02\/bg_contact-384x220.jpg","managers-img-width":384,"managers-img-height":220}},"contact_hero_header_title":"PYTANIA?<br \/>\r\nOPINIE?","contact_hero_header_subtitle":"Nasz zesp\u00f3\u0142 z niecierpliwo\u015bci\u0105 czeka na Twoj\u0105 opini\u0119.","contact_info_block_title":"SKONTAKTUJ SI\u0118 <br \/>\r\nZ NAMI","contact_info_block_adress":"Centrala STAMOS<br \/>\r\n<br \/>\r\nexpondo GmbH<br \/>\r\nDessauer Str. 28-29<br \/>\r\n10963 Berlin Niemcy","contact_info_block_tel":"","contact_info_block_email":"","contact_info_block_socials_repeater":[{"contact_info_block_socials_icon":"<i class=\"fab fa-instagram\" aria-hidden=\"true\"><\/i>","contact_info_block_socials_link":""},{"contact_info_block_socials_icon":"<i class=\"fab fa-youtube\" aria-hidden=\"true\"><\/i>","contact_info_block_socials_link":""},{"contact_info_block_socials_icon":"<i class=\"fab fa-facebook\" aria-hidden=\"true\"><\/i>","contact_info_block_socials_link":""}],"contact_main_title":"Skorzystaj z formularza, aby skontaktowa\u0107 si\u0119 z naszym zespo\u0142em.","contact_main_subtitle":"Odezwiemy si\u0119 do Ciebie w ci\u0105gu 24 godzin.","contact_form_code":{"ID":2370,"post_author":"6","post_date":"2022-10-11 09:52:03","post_date_gmt":"2022-10-11 07:52:03","post_content":"<div class=\"row\">\r\n                    <div class=\"col-md-12\">\r\n                        <div class=\"input-wrapper input-wrapper--text\">\r\n                            <label for=\"\" class=\"input-wrapper__label\">Imi\u0119 i nazwisko<\/label>\r\n                            <div class=\"input-wrapper__input\">[text* your-name placeholder \"Imi\u0119 i nazwisko *\"]<\/div>\r\n                        <\/div>\r\n                    <\/div>\r\n                    <div class=\"col-md-12\">\r\n                        <div class=\"input-wrapper input-wrapper--text\">\r\n                            <label for=\"\" class=\"input-wrapper__label\">Email<\/label>\r\n                            <div class=\"input-wrapper__input\">[email* your-email placeholder \"Email *\"]<\/div>\r\n                        <\/div>\r\n                    <\/div>\r\n                    <div class=\"col-md-12\">\r\n                        <div class=\"input-wrapper input-wrapper--text\">\r\n                            <label for=\"\" class=\"input-wrapper__label\">Telefon<\/label>\r\n                            <div class=\"input-wrapper__input\">[text your-number placeholder \"Telefon (opcjonalnie)\"]<\/div>\r\n                        <\/div>\r\n                    <\/div>\r\n                    <div class=\"col-md-12\">\r\n                        <div class=\"input-wrapper input-wrapper--textarea\">\r\n                            <label for=\"\" class=\"input-wrapper__label\">Twoja wiadomo\u015b\u0107<\/label>\r\n                            <div class=\"input-wrapper__input\">[textarea your-message placeholder \"Twoja wiadomo\u015b\u0107\"]<\/div>\r\n                        <\/div>\r\n                    <\/div>\r\n                <\/div>\r\n                <div class=\"row\">\r\n                    <div class=\"col-md-12 text-right\">\r\n                        <div class=\"form-button form-button--submit\">[submit \"Wy\u015blij wiadomo\u015b\u0107\"]<\/div>\r\n                    <\/div>\r\n                <\/div>\n1\nStamos Welding - \"[your-subject]\"\nStamos Welding <support@stamos-welding.com>\nsupport@stamos-welding.pl\nNadawca: [your-name] <[your-email]>\r\nTemat: [your-subject]\r\n\r\nTre\u015b\u0107 wiadomo\u015bci:\r\n[your-message]\r\n\r\n-- \r\ntel: [your-number]\nReply-To: [your-email]\n\n\n\n\nStamos Welding \"[your-subject]\"\nStamos Welding <wordpress@stamos-welding.com>\n[your-email]\nMessage Body:\r\n[your-message]\r\n\r\n-- \r\nThis e-mail was sent from a contact form on Stamos Welding (https:\/\/www.stamos-welding.com)\nReply-To: b.dawydzik@expondo.pl\n\n\n\nDzi\u0119kujemy, Twoja wiadomo\u015b\u0107 zosta\u0142a wys\u0142ana.\nWyst\u0105pi\u0142 b\u0142\u0105d podczas pr\u00f3by wys\u0142ania Twojej wiadomo\u015bci. Prosz\u0119 spr\u00f3bowa\u0107 ponownie p\u00f3\u017aniej.\nJedno pole zawiera b\u0142\u0105d. Sprawd\u017a i wy\u015blij ponownie.\nPodczas wysy\u0142ania wiadomo\u015bci wyst\u0105pi\u0142 b\u0142\u0105d. Prosz\u0119 spr\u00f3buj ponownie p\u00f3\u017aniej.\nPrzed wys\u0142aniem wiadomo\u015bci nale\u017cy zaakceptowa\u0107 regulamin.\nTo pole jest wymagane\nThe field is too long.\nThe field is too short.\nThe date format is incorrect.\nThe date is before the earliest one allowed.\nThe date is after the latest one allowed.\nThere was an unknown error uploading the file.\nYou are not allowed to upload files of this type.\nThe file is too big.\nThere was an error uploading the file.\nThe number format is invalid.\nThe number is smaller than the minimum allowed.\nThe number is larger than the maximum allowed.\nThe answer to the quiz is incorrect.\nThe e-mail address entered is invalid.\nThe URL is invalid.\nThe telephone number is invalid.","post_title":"Contact PL","post_excerpt":"","post_status":"publish","comment_status":"closed","ping_status":"closed","post_password":"","post_name":"contact-pl","to_ping":"","pinged":"","post_modified":"2022-10-11 11:20:07","post_modified_gmt":"2022-10-11 09:20:07","post_content_filtered":"","post_parent":0,"guid":"https:\/\/www.stamos-welding.com\/?post_type=wpcf7_contact_form&#038;p=2370","menu_order":0,"post_type":"wpcf7_contact_form","post_mime_type":"","comment_count":"0","filter":"raw"},"contact_map_pos_lat":"52.510011","contact_map_pos_lng":"13.423320","newsletter_module_boolean":false,"meta_title":"","meta_desc":"","meta_canonical_url":"","meta_robots":false},"_links":{"self":[{"href":"https:\/\/www.stamos-welding.com\/pl\/wp-json\/wp\/v2\/pages\/2267","targetHints":{"allow":["GET"]}}],"collection":[{"href":"https:\/\/www.stamos-welding.com\/pl\/wp-json\/wp\/v2\/pages"}],"about":[{"href":"https:\/\/www.stamos-welding.com\/pl\/wp-json\/wp\/v2\/types\/page"}],"author":[{"embeddable":true,"href":"https:\/\/www.stamos-welding.com\/pl\/wp-json\/wp\/v2\/users\/1"}],"replies":[{"embeddable":true,"href":"https:\/\/www.stamos-welding.com\/pl\/wp-json\/wp\/v2\/comments?post=2267"}],"version-history":[{"count":9,"href":"https:\/\/www.stamos-welding.com\/pl\/wp-json\/wp\/v2\/pages\/2267\/revisions"}],"predecessor-version":[{"id":2479,"href":"https:\/\/www.stamos-welding.com\/pl\/wp-json\/wp\/v2\/pages\/2267\/revisions\/2479"}],"wp:attachment":[{"href":"https:\/\/www.stamos-welding.com\/pl\/wp-json\/wp\/v2\/media?parent=2267"}],"curies":[{"name":"wp","href":"https:\/\/api.w.org\/{rel}","templated":true}]}}