{"id":2270,"date":"2022-02-11T04:06:17","date_gmt":"2022-02-11T03:06:17","guid":{"rendered":"https:\/\/www.stamos-welding.com\/imprint\/"},"modified":"2023-10-27T11:10:31","modified_gmt":"2023-10-27T09:10:31","slug":"dane-adresowe","status":"publish","type":"page","link":"https:\/\/www.stamos-welding.com\/pl\/dane-adresowe\/","title":{"rendered":"DANE ADRESOWE"},"content":{"rendered":"","protected":false},"excerpt":{"rendered":"","protected":false},"author":1,"featured_media":0,"parent":0,"menu_order":0,"comment_status":"closed","ping_status":"closed","template":"page-templates\/page-regular.php","meta":{"footnotes":""},"class_list":["post-2270","page","type-page","status-publish","hentry"],"acf":[],"yoast_head":"<!-- This site is optimized with the Yoast SEO plugin v27.5 - https:\/\/yoast.com\/product\/yoast-seo-wordpress\/ -->\n<title>DANE ADRESOWE - Stamos Welding<\/title>\n<meta name=\"robots\" content=\"index, follow, max-snippet:-1, max-image-preview:large, max-video-preview:-1\" \/>\n<link rel=\"canonical\" href=\"https:\/\/www.stamos-welding.com\/pl\/dane-adresowe\/\" \/>\n<meta property=\"og:locale\" content=\"pl_PL\" \/>\n<meta property=\"og:type\" content=\"article\" \/>\n<meta property=\"og:title\" content=\"DANE ADRESOWE - Stamos Welding\" \/>\n<meta property=\"og:url\" content=\"https:\/\/www.stamos-welding.com\/pl\/dane-adresowe\/\" \/>\n<meta property=\"og:site_name\" content=\"Stamos Welding\" \/>\n<meta property=\"article:modified_time\" content=\"2023-10-27T09:10:31+00:00\" \/>\n<meta name=\"twitter:card\" content=\"summary_large_image\" \/>\n<script type=\"application\/ld+json\" class=\"yoast-schema-graph\">{\"@context\":\"https:\\\/\\\/schema.org\",\"@graph\":[{\"@type\":\"WebPage\",\"@id\":\"https:\\\/\\\/www.stamos-welding.com\\\/pl\\\/dane-adresowe\\\/\",\"url\":\"https:\\\/\\\/www.stamos-welding.com\\\/pl\\\/dane-adresowe\\\/\",\"name\":\"DANE ADRESOWE - Stamos Welding\",\"isPartOf\":{\"@id\":\"https:\\\/\\\/www.stamos-welding.com\\\/#website\"},\"datePublished\":\"2022-02-11T03:06:17+00:00\",\"dateModified\":\"2023-10-27T09:10:31+00:00\",\"breadcrumb\":{\"@id\":\"https:\\\/\\\/www.stamos-welding.com\\\/pl\\\/dane-adresowe\\\/#breadcrumb\"},\"inLanguage\":\"pl-PL\",\"potentialAction\":[{\"@type\":\"ReadAction\",\"target\":[\"https:\\\/\\\/www.stamos-welding.com\\\/pl\\\/dane-adresowe\\\/\"]}]},{\"@type\":\"BreadcrumbList\",\"@id\":\"https:\\\/\\\/www.stamos-welding.com\\\/pl\\\/dane-adresowe\\\/#breadcrumb\",\"itemListElement\":[{\"@type\":\"ListItem\",\"position\":1,\"name\":\"Home\",\"item\":\"https:\\\/\\\/www.stamos-welding.com\\\/pl\\\/\"},{\"@type\":\"ListItem\",\"position\":2,\"name\":\"DANE ADRESOWE\"}]},{\"@type\":\"WebSite\",\"@id\":\"https:\\\/\\\/www.stamos-welding.com\\\/#website\",\"url\":\"https:\\\/\\\/www.stamos-welding.com\\\/\",\"name\":\"Stamos Welding\",\"description\":\"Kolejna witryna oparta na WordPressie\",\"potentialAction\":[{\"@type\":\"SearchAction\",\"target\":{\"@type\":\"EntryPoint\",\"urlTemplate\":\"https:\\\/\\\/www.stamos-welding.com\\\/?s={search_term_string}\"},\"query-input\":{\"@type\":\"PropertyValueSpecification\",\"valueRequired\":true,\"valueName\":\"search_term_string\"}}],\"inLanguage\":\"pl-PL\"}]}<\/script>\n<!-- \/ Yoast SEO plugin. -->","yoast_head_json":{"title":"DANE ADRESOWE - Stamos Welding","robots":{"index":"index","follow":"follow","max-snippet":"max-snippet:-1","max-image-preview":"max-image-preview:large","max-video-preview":"max-video-preview:-1"},"canonical":"https:\/\/www.stamos-welding.com\/pl\/dane-adresowe\/","og_locale":"pl_PL","og_type":"article","og_title":"DANE ADRESOWE - Stamos Welding","og_url":"https:\/\/www.stamos-welding.com\/pl\/dane-adresowe\/","og_site_name":"Stamos Welding","article_modified_time":"2023-10-27T09:10:31+00:00","twitter_card":"summary_large_image","schema":{"@context":"https:\/\/schema.org","@graph":[{"@type":"WebPage","@id":"https:\/\/www.stamos-welding.com\/pl\/dane-adresowe\/","url":"https:\/\/www.stamos-welding.com\/pl\/dane-adresowe\/","name":"DANE ADRESOWE - Stamos Welding","isPartOf":{"@id":"https:\/\/www.stamos-welding.com\/#website"},"datePublished":"2022-02-11T03:06:17+00:00","dateModified":"2023-10-27T09:10:31+00:00","breadcrumb":{"@id":"https:\/\/www.stamos-welding.com\/pl\/dane-adresowe\/#breadcrumb"},"inLanguage":"pl-PL","potentialAction":[{"@type":"ReadAction","target":["https:\/\/www.stamos-welding.com\/pl\/dane-adresowe\/"]}]},{"@type":"BreadcrumbList","@id":"https:\/\/www.stamos-welding.com\/pl\/dane-adresowe\/#breadcrumb","itemListElement":[{"@type":"ListItem","position":1,"name":"Home","item":"https:\/\/www.stamos-welding.com\/pl\/"},{"@type":"ListItem","position":2,"name":"DANE ADRESOWE"}]},{"@type":"WebSite","@id":"https:\/\/www.stamos-welding.com\/#website","url":"https:\/\/www.stamos-welding.com\/","name":"Stamos Welding","description":"Kolejna witryna oparta na WordPressie","potentialAction":[{"@type":"SearchAction","target":{"@type":"EntryPoint","urlTemplate":"https:\/\/www.stamos-welding.com\/?s={search_term_string}"},"query-input":{"@type":"PropertyValueSpecification","valueRequired":true,"valueName":"search_term_string"}}],"inLanguage":"pl-PL"}]}},"acf_fields":{"logo_color":"light","home_grid_photo":false,"home_grid_photo_mobile":false,"home_grid_title":"Impressum","home_grid_subtitle":"","home_grid_link_type":"blank","home_grid_link":"","article_universal_repeater":[{"item_type":"article_text","article_universal_item_text":{"article_universal_item_title":"DANE ADRESOWE","article_universal_item_subtitle":"","article_universal_item_header":"","article_universal_item_desc_col_1":"<div class=\"ewa-rteLine\">\n<div class=\"ewa-rteLine\"><strong>expondo GmbH<\/strong><\/div>\n<div class=\"ewa-rteLine\">Dessauer Str. 28-29<br \/>\n10963 Berlin Niemcy<\/div>\n<div><\/div>\n<div class=\"ewa-rteLine\">Dyrektor zarz\u0105dzaj\u0105cy: Philip Rooke<\/div>\n<div class=\"ewa-rteLine\">Inspektor ochrony danych: Dr Sebastian Kraska<\/div>\n<div class=\"ewa-rteLine\">S\u0105d rejestrowy: s\u0105d rejonowy CharlottenburgNumer rejestru: HRB 118297B<\/div>\n<div class=\"ewa-rteLine\">Numer identyfikacyjny podatku od sprzeda\u017cy zgodny z \u00a7 27 a ustawy o podatku od sprzeda\u017cy: DE263760174<\/div>\n<div class=\"ewa-rteLine\">Platforma Komisji Europejskiej do rozwi\u0105zywania spor\u00f3w on-line: www.ec.europa.eu\/consumers\/odr<\/div>\n<div class=\"ewa-rteLine\">Nie jeste\u015bmy zobowi\u0105zani ani ch\u0119tni do udzia\u0142u w post\u0119powaniu w sprawie rozstrzygania spor\u00f3w przed polubownym s\u0105dem konsumenckim.<\/div>\n<\/div>\n","article_universal_item_bg_color":"rgba(255,255,255,1)"},"article_universal_item_banner":{"article_universal_item_title":"","article_universal_item_subtitle":"","article_universal_item_bg_image":false,"article_universal_item_image":false}}],"newsletter_module_boolean":false,"meta_title":"","meta_desc":"","meta_canonical_url":"","meta_robots":false},"_links":{"self":[{"href":"https:\/\/www.stamos-welding.com\/pl\/wp-json\/wp\/v2\/pages\/2270","targetHints":{"allow":["GET"]}}],"collection":[{"href":"https:\/\/www.stamos-welding.com\/pl\/wp-json\/wp\/v2\/pages"}],"about":[{"href":"https:\/\/www.stamos-welding.com\/pl\/wp-json\/wp\/v2\/types\/page"}],"author":[{"embeddable":true,"href":"https:\/\/www.stamos-welding.com\/pl\/wp-json\/wp\/v2\/users\/1"}],"replies":[{"embeddable":true,"href":"https:\/\/www.stamos-welding.com\/pl\/wp-json\/wp\/v2\/comments?post=2270"}],"version-history":[{"count":5,"href":"https:\/\/www.stamos-welding.com\/pl\/wp-json\/wp\/v2\/pages\/2270\/revisions"}],"predecessor-version":[{"id":2452,"href":"https:\/\/www.stamos-welding.com\/pl\/wp-json\/wp\/v2\/pages\/2270\/revisions\/2452"}],"wp:attachment":[{"href":"https:\/\/www.stamos-welding.com\/pl\/wp-json\/wp\/v2\/media?parent=2270"}],"curies":[{"name":"wp","href":"https:\/\/api.w.org\/{rel}","templated":true}]}}